{"id":33,"date":"2023-10-19T11:08:38","date_gmt":"2023-10-19T08:08:38","guid":{"rendered":"https:\/\/ecogel.vn\/?page_id=33"},"modified":"2025-04-02T08:47:38","modified_gmt":"2025-04-02T05:47:38","slug":"services","status":"publish","type":"page","link":"https:\/\/ecogel.vn\/index.php\/services\/","title":{"rendered":"SERVICES"},"content":{"rendered":"\n<div class=\"wp-block-media-text is-stacked-on-mobile\"><figure class=\"wp-block-media-text__media\"><img loading=\"lazy\" decoding=\"async\" width=\"1024\" height=\"768\" src=\"https:\/\/ecogel.vn\/wp-content\/uploads\/2023\/10\/WhatsApp-Image-2023-10-24-at-14.18.38_204c4f32.jpg\" alt=\"\" class=\"wp-image-203 size-full\" srcset=\"https:\/\/ecogel.vn\/wp-content\/uploads\/2023\/10\/WhatsApp-Image-2023-10-24-at-14.18.38_204c4f32.jpg 1024w, https:\/\/ecogel.vn\/wp-content\/uploads\/2023\/10\/WhatsApp-Image-2023-10-24-at-14.18.38_204c4f32-300x225.jpg 300w, https:\/\/ecogel.vn\/wp-content\/uploads\/2023\/10\/WhatsApp-Image-2023-10-24-at-14.18.38_204c4f32-768x576.jpg 768w\" sizes=\"auto, (max-width: 1024px) 100vw, 1024px\" \/><\/figure><div class=\"wp-block-media-text__content\">\n<h3 class=\"wp-block-heading\"><a href=\"https:\/\/ecogel.vn\/services\/processing.html\"><strong> Global Sourcing &amp; Supply<\/strong><\/a><\/h3>\n\n\n\n<p>We connect you with\u00a0<strong>trusted gelatin manufacturers worldwide<\/strong>, ensuring a consistent supply of\u00a0<strong>bovine bone gelatin, bovine hide gelatin, and fish gelatin<\/strong>\u00a0at competitive prices.<br><br><strong>Ngu\u1ed3n Cung \u1ee8ng &amp; Ph\u00e2n Ph\u1ed1i To\u00e0n C\u1ea7u<\/strong><\/p>\n\n\n\n<p>Ch\u00fang t\u00f4i k\u1ebft n\u1ed1i b\u1ea1n v\u1edbi&nbsp;<strong>nh\u00e0 s\u1ea3n xu\u1ea5t gelatin uy t\u00edn tr\u00ean to\u00e0n th\u1ebf gi\u1edbi<\/strong>, \u0111\u1ea3m b\u1ea3o ngu\u1ed3n cung \u1ed5n \u0111\u1ecbnh cho&nbsp;<strong>gelatin x\u01b0\u01a1ng b\u00f2, gelatin da b\u00f2 v\u00e0 gelatin c\u00e1<\/strong>&nbsp;v\u1edbi gi\u00e1 c\u1ea1nh tranh.<\/p>\n<\/div><\/div>\n\n\n\n<div class=\"wp-block-media-text has-media-on-the-right is-stacked-on-mobile\" style=\"grid-template-columns:auto 36%\"><div class=\"wp-block-media-text__content\">\n<h3 class=\"wp-block-heading\"><a href=\"https:\/\/ecogel.vn\/services\/quality-assurance-control.html\"><strong>Quality Assurance &amp; Compliance<\/strong><\/a><\/h3>\n\n\n\n<p>Our products meet\u00a0<strong>international quality and safety standards<\/strong>, including\u00a0<strong>ISO, HACCP, and Halal certification<\/strong>, ensuring that you receive only the best gelatin for your industry.<br><br><strong>\u0110\u1ea3m B\u1ea3o Ch\u1ea5t L\u01b0\u1ee3ng &amp; Tu\u00e2n Th\u1ee7 Ti\u00eau Chu\u1ea9n<\/strong><\/p>\n\n\n\n<p>S\u1ea3n ph\u1ea9m c\u1ee7a ch\u00fang t\u00f4i \u0111\u00e1p \u1ee9ng&nbsp;<strong>c\u00e1c ti\u00eau chu\u1ea9n ch\u1ea5t l\u01b0\u1ee3ng qu\u1ed1c t\u1ebf<\/strong>, bao g\u1ed3m&nbsp;<strong>ISO, HACCP v\u00e0 ch\u1ee9ng nh\u1eadn Halal<\/strong>, \u0111\u1ea3m b\u1ea3o b\u1ea1n nh\u1eadn \u0111\u01b0\u1ee3c gelatin t\u1ed1t nh\u1ea5t cho ng\u00e0nh c\u1ee7a m\u00ecnh.<\/p>\n<\/div><figure class=\"wp-block-media-text__media\"><img loading=\"lazy\" decoding=\"async\" width=\"400\" height=\"452\" src=\"https:\/\/ecogel.vn\/wp-content\/uploads\/2023\/10\/852967248dd3e6cb3942a1fe6af42945_S.jpg\" alt=\"\" class=\"wp-image-99 size-full\" srcset=\"https:\/\/ecogel.vn\/wp-content\/uploads\/2023\/10\/852967248dd3e6cb3942a1fe6af42945_S.jpg 400w, https:\/\/ecogel.vn\/wp-content\/uploads\/2023\/10\/852967248dd3e6cb3942a1fe6af42945_S-265x300.jpg 265w\" sizes=\"auto, (max-width: 400px) 100vw, 400px\" \/><\/figure><\/div>\n\n\n\n<div class=\"wp-block-media-text is-stacked-on-mobile\" style=\"grid-template-columns:49% auto\"><figure class=\"wp-block-media-text__media\"><img loading=\"lazy\" decoding=\"async\" width=\"1000\" height=\"667\" src=\"https:\/\/ecogel.vn\/wp-content\/uploads\/2024\/02\/illustration-people-barchart-sourcing-1.png\" alt=\"\" class=\"wp-image-252 size-full\" srcset=\"https:\/\/ecogel.vn\/wp-content\/uploads\/2024\/02\/illustration-people-barchart-sourcing-1.png 1000w, https:\/\/ecogel.vn\/wp-content\/uploads\/2024\/02\/illustration-people-barchart-sourcing-1-300x200.png 300w, https:\/\/ecogel.vn\/wp-content\/uploads\/2024\/02\/illustration-people-barchart-sourcing-1-768x512.png 768w\" sizes=\"auto, (max-width: 1000px) 100vw, 1000px\" \/><\/figure><div class=\"wp-block-media-text__content\">\n<h3 class=\"wp-block-heading\"><a href=\"https:\/\/ecogel.vn\/services\/sourcing.html\"><strong>Custom Gelatin Solutions<\/strong><\/a><\/h3>\n\n\n\n<p>We provide\u00a0<strong>tailored gelatin solutions<\/strong>\u00a0based on\u00a0<strong>bloom strength, mesh size, and application needs<\/strong>\u00a0for the\u00a0<strong>food, pharmaceutical, nutrition, and industrial sectors<\/strong>.<br><br><strong>Gi\u1ea3i Ph\u00e1p Gelatin T\u00f9y Ch\u1ec9nh<\/strong><\/p>\n\n\n\n<p>Ch\u00fang t\u00f4i cung c\u1ea5p&nbsp;<strong>gi\u1ea3i ph\u00e1p gelatin theo y\u00eau c\u1ea7u<\/strong>&nbsp;d\u1ef1a tr\u00ean&nbsp;<strong>\u0111\u1ed9 Bloom, k\u00edch th\u01b0\u1edbc mesh v\u00e0 m\u1ee5c \u0111\u00edch s\u1eed d\u1ee5ng<\/strong>, ph\u00f9 h\u1ee3p v\u1edbi&nbsp;<strong>ng\u00e0nh th\u1ef1c ph\u1ea9m, d\u01b0\u1ee3c ph\u1ea9m, dinh d\u01b0\u1ee1ng v\u00e0 c\u00f4ng nghi\u1ec7p<\/strong>.<\/p>\n<\/div><\/div>\n\n\n\n<div class=\"wp-block-media-text has-media-on-the-right is-stacked-on-mobile\" style=\"grid-template-columns:auto 44%\"><div class=\"wp-block-media-text__content\">\n<h3 class=\"wp-block-heading\"><a href=\"https:\/\/ecogel.vn\/services\/supplier-management.html\"><strong>Logistics &amp; Door-to-Door Delivery<\/strong><\/a><\/h3>\n\n\n\n<p>With our\u00a0<strong>efficient logistics network<\/strong>, we handle\u00a0<strong>customs clearance, storage, and transportation<\/strong>, ensuring that your gelatin order reaches your doorstep\u00a0<strong>safely and on time<\/strong>.<br><br><strong>D\u1ecbch V\u1ee5 Logistics &amp; Giao H\u00e0ng T\u1eadn N\u01a1i<\/strong><\/p>\n\n\n\n<p>V\u1edbi&nbsp;<strong>m\u1ea1ng l\u01b0\u1edbi logistics hi\u1ec7u qu\u1ea3<\/strong>, ch\u00fang t\u00f4i x\u1eed l\u00fd&nbsp;<strong>th\u1ee7 t\u1ee5c h\u1ea3i quan, l\u01b0u kho v\u00e0 v\u1eadn chuy\u1ec3n<\/strong>, \u0111\u1ea3m b\u1ea3o \u0111\u01a1n h\u00e0ng gelatin c\u1ee7a b\u1ea1n \u0111\u01b0\u1ee3c giao&nbsp;<strong>an to\u00e0n v\u00e0 \u0111\u00fang th\u1eddi gian<\/strong>.<\/p>\n<\/div><figure class=\"wp-block-media-text__media\"><img loading=\"lazy\" decoding=\"async\" width=\"400\" height=\"453\" src=\"https:\/\/ecogel.vn\/wp-content\/uploads\/2023\/10\/13f34e2b533e12c6166f88368dcd8c07_S.jpg\" alt=\"\" class=\"wp-image-101 size-full\" srcset=\"https:\/\/ecogel.vn\/wp-content\/uploads\/2023\/10\/13f34e2b533e12c6166f88368dcd8c07_S.jpg 400w, https:\/\/ecogel.vn\/wp-content\/uploads\/2023\/10\/13f34e2b533e12c6166f88368dcd8c07_S-265x300.jpg 265w\" sizes=\"auto, (max-width: 400px) 100vw, 400px\" \/><\/figure><\/div>\n\n\n\n<p><\/p>\n","protected":false},"excerpt":{"rendered":"<p>Global Sourcing &amp; Supply We connect you with\u00a0trusted gelatin manufacturers worldwide, ensuring a consistent supply of\u00a0bovine bone gelatin, bovine hide gelatin, and fish gelatin\u00a0at competitive prices. Ngu\u1ed3n Cung \u1ee8ng &amp; Ph\u00e2n Ph\u1ed1i To\u00e0n C\u1ea7u Ch\u00fang t\u00f4i k\u1ebft n\u1ed1i b\u1ea1n v\u1edbi&nbsp;nh\u00e0 s\u1ea3n xu\u1ea5t gelatin uy t\u00edn tr\u00ean to\u00e0n th\u1ebf gi\u1edbi, \u0111\u1ea3m b\u1ea3o ngu\u1ed3n cung \u1ed5n \u0111\u1ecbnh&hellip; <br \/> <a class=\"read-more\" href=\"https:\/\/ecogel.vn\/index.php\/services\/\">Devam\u0131<\/a><\/p>\n","protected":false},"author":1,"featured_media":0,"parent":0,"menu_order":3,"comment_status":"closed","ping_status":"closed","template":"","meta":{"footnotes":""},"class_list":["post-33","page","type-page","status-publish","hentry"],"_links":{"self":[{"href":"https:\/\/ecogel.vn\/index.php\/wp-json\/wp\/v2\/pages\/33","targetHints":{"allow":["GET"]}}],"collection":[{"href":"https:\/\/ecogel.vn\/index.php\/wp-json\/wp\/v2\/pages"}],"about":[{"href":"https:\/\/ecogel.vn\/index.php\/wp-json\/wp\/v2\/types\/page"}],"author":[{"embeddable":true,"href":"https:\/\/ecogel.vn\/index.php\/wp-json\/wp\/v2\/users\/1"}],"replies":[{"embeddable":true,"href":"https:\/\/ecogel.vn\/index.php\/wp-json\/wp\/v2\/comments?post=33"}],"version-history":[{"count":7,"href":"https:\/\/ecogel.vn\/index.php\/wp-json\/wp\/v2\/pages\/33\/revisions"}],"predecessor-version":[{"id":321,"href":"https:\/\/ecogel.vn\/index.php\/wp-json\/wp\/v2\/pages\/33\/revisions\/321"}],"wp:attachment":[{"href":"https:\/\/ecogel.vn\/index.php\/wp-json\/wp\/v2\/media?parent=33"}],"curies":[{"name":"wp","href":"https:\/\/api.w.org\/{rel}","templated":true}]}}