{"id":7,"date":"2023-10-19T08:18:45","date_gmt":"2023-10-19T05:18:45","guid":{"rendered":"https:\/\/ecogel.vn\/index.php\/mesmerize\/"},"modified":"2025-04-16T10:04:01","modified_gmt":"2025-04-16T07:04:01","slug":"mesmerize","status":"publish","type":"page","link":"https:\/\/ecogel.vn\/","title":{"rendered":"Home"},"content":{"rendered":"<div  id=\"content-13\" class=\"content-2 content-section content-section-spacing\" style=\"background-color: #f5fafd;\" data-label=\"Content\" data-id=\"content-2\" data-export-id=\"content-2\" data-category=\"content\">\n<div  class=\"row middle-xs\">\n<div  class=\"col-sm-5 bg-image shadow-large-black\" style=\"background-image: url('https:\/\/ecogel.vn\/wp-content\/uploads\/2024\/02\/cropped-therapy-relaxing-spa-sand-bowl-scaled-1.jpg');\" data-bg=\"image\"><\/div>\n<div  class=\"col-sm-7 full-col-left-padding full-col-right-padding\">\n<div  class=\"row\">\n<div  class=\"space-bottom-small content-title-col\" data-type=\"column\">\n<h2  data-start=\"189\" data-end=\"229\" class=\"\"><strong  data-start=\"194\" data-end=\"227\">Why Choose EcoGel Processing?<\/strong><\/h2>\n<p  class=\"\" data-start=\"231\" data-end=\"508\">At <strong  data-start=\"234\" data-end=\"255\">EcoGel Processing<\/strong>, we pride ourselves on being <strong  data-start=\"285\" data-end=\"326\">Vietnam\u2019s leading gelatin distributor<\/strong>, offering unmatched quality and competitive pricing. As the <strong  data-start=\"387\" data-end=\"426\">best gelatin distributor in Vietnam<\/strong>, we provide you with <strong  data-start=\"448\" data-end=\"491\">high-quality gelatin at the best prices<\/strong> in the market.<\/p>\n<p  class=\"\" data-start=\"510\" data-end=\"682\">Since 2019, we\u2019ve been working with <strong  data-start=\"546\" data-end=\"584\">trusted suppliers around the world<\/strong>, ensuring you get the finest products, sourced from <strong  data-start=\"637\" data-end=\"679\">agreed suppliers across all continents<\/strong>.<\/p>\n<p  class=\"\" data-start=\"684\" data-end=\"806\">When you choose us, you partner with an industry leader that\u2019s committed to providing the best solutions for your needs.<\/p>\n<p  class=\"\" data-start=\"808\" data-end=\"878\"><strong  data-start=\"808\" data-end=\"878\">Looking for the best gelatin prices and quality? Contact us today!<\/strong><\/p>\n<p  class=\"\" data-start=\"731\" data-end=\"805\"><strong  data-start=\"731\" data-end=\"803\">&nbsp;<\/strong><\/p>\n\n<h2  data-start=\"931\" data-end=\"979\" class=\"\"><strong  data-start=\"936\" data-end=\"977\">T\u1ea1i sao ch\u1ecdn C\u00f4ng ty Ch\u1ebf bi\u1ebfn EcoGel?<\/strong><\/h2>\n<p  class=\"\" data-start=\"981\" data-end=\"1269\">T\u1ea1i <strong  data-start=\"985\" data-end=\"1012\">C\u00f4ng ty Ch\u1ebf bi\u1ebfn EcoGel<\/strong>, ch\u00fang t\u00f4i t\u1ef1 h\u00e0o l\u00e0 <strong  data-start=\"1034\" data-end=\"1081\">nh\u00e0 ph\u00e2n ph\u1ed1i gelatin h\u00e0ng \u0111\u1ea7u t\u1ea1i Vi\u1ec7t Nam<\/strong>, mang \u0111\u1ebfn ch\u1ea5t l\u01b0\u1ee3ng v\u00f4 \u0111\u1ed1i v\u00e0 m\u1ee9c gi\u00e1 c\u1ea1nh tranh. L\u00e0 <strong  data-start=\"1136\" data-end=\"1183\">nh\u00e0 ph\u00e2n ph\u1ed1i gelatin t\u1ed1t nh\u1ea5t t\u1ea1i Vi\u1ec7t Nam<\/strong>, ch\u00fang t\u00f4i cung c\u1ea5p <strong  data-start=\"1204\" data-end=\"1250\">gelatin ch\u1ea5t l\u01b0\u1ee3ng cao v\u1edbi gi\u00e1 c\u1ea3 t\u1ed1t nh\u1ea5t<\/strong> tr\u00ean th\u1ecb tr\u01b0\u1eddng.<\/p>\n<p  class=\"\" data-start=\"1271\" data-end=\"1493\">K\u1ec3 t\u1eeb n\u0103m 2019, ch\u00fang t\u00f4i \u0111\u00e3 h\u1ee3p t\u00e1c v\u1edbi <strong  data-start=\"1312\" data-end=\"1359\">c\u00e1c nh\u00e0 cung c\u1ea5p \u0111\u00e1ng tin c\u1eady tr\u00ean to\u00e0n c\u1ea7u<\/strong>, \u0111\u1ea3m b\u1ea3o r\u1eb1ng b\u1ea1n nh\u1eadn \u0111\u01b0\u1ee3c nh\u1eefng s\u1ea3n ph\u1ea9m t\u1ed1t nh\u1ea5t, \u0111\u01b0\u1ee3c cung c\u1ea5p t\u1eeb <strong  data-start=\"1430\" data-end=\"1490\">nh\u1eefng nh\u00e0 cung c\u1ea5p \u0111\u00e3 k\u00fd h\u1ee3p \u0111\u1ed3ng tr\u00ean kh\u1eafp c\u00e1c ch\u00e2u l\u1ee5c<\/strong>.<\/p>\n<p  class=\"\" data-start=\"1495\" data-end=\"1633\">Khi ch\u1ecdn ch\u00fang t\u00f4i, b\u1ea1n s\u1ebd h\u1ee3p t\u00e1c v\u1edbi m\u1ed9t <strong  data-start=\"1538\" data-end=\"1569\">\u0111\u01a1n v\u1ecb h\u00e0ng \u0111\u1ea7u trong ng\u00e0nh<\/strong>, cam k\u1ebft mang l\u1ea1i nh\u1eefng gi\u1ea3i ph\u00e1p t\u1ed1i \u01b0u cho nhu c\u1ea7u c\u1ee7a b\u1ea1n.<\/p>\n<p  class=\"\" data-start=\"1635\" data-end=\"1736\"><strong  data-start=\"1635\" data-end=\"1736\">\u0110ang t\u00ecm ki\u1ebfm gelatin ch\u1ea5t l\u01b0\u1ee3ng t\u1ed1t nh\u1ea5t v\u1edbi m\u1ee9c gi\u00e1 h\u1ee3p l\u00fd? Li\u00ean h\u1ec7 v\u1edbi ch\u00fang t\u00f4i ngay h\u00f4m nay!<\/strong><\/p>\n\n<\/div>\n<\/div>\n<\/div>\n<\/div>\n<\/div><div  id=\"content-14\" class=\"content-3 content-section content-section-spacing\" style=\"background-color: #ffffff;\" data-label=\"Content\" data-id=\"content-3\" data-export-id=\"content-3\" data-category=\"content\">\n<div  class=\"row middle-xs\">\n<div  class=\"col-sm-7 full-col-left-padding full-col-right-padding\">\n<div  class=\"row\">\n<div  class=\"space-bottom-small content-title-col\" data-type=\"column\">\n<h2  data-start=\"112\" data-end=\"167\" class=\"\"><strong  data-start=\"117\" data-end=\"165\">Gelatin Variety Offered by EcoGel Processing<\/strong><\/h2>\n<p  class=\"\" data-start=\"169\" data-end=\"472\">At <strong  data-start=\"172\" data-end=\"193\">EcoGel Processing<\/strong>, we take pride in offering a wide variety of high-quality gelatin to meet the diverse needs of our clients. We provide <strong  data-start=\"313\" data-end=\"336\">bovine bone gelatin<\/strong>, <strong  data-start=\"338\" data-end=\"361\">bovine hide gelatin<\/strong>, and <strong  data-start=\"367\" data-end=\"383\">fish gelatin<\/strong> for a range of industries, including <strong  data-start=\"421\" data-end=\"471\">food, pharmaceuticals, and nutrition companies<\/strong>.<\/p>\n<p  class=\"\" data-start=\"474\" data-end=\"647\">Whether you\u2019re looking for gelatin for food products or pharmaceutical applications, our <strong  data-start=\"563\" data-end=\"594\">versatile gelatin solutions<\/strong> cater to the specific requirements of each sector.<\/p>\n<p  class=\"\" data-start=\"649\" data-end=\"775\">Our gelatin is sourced from trusted suppliers and manufactured under strict quality control to ensure the highest standards.<\/p>\n<p  class=\"\" data-start=\"777\" data-end=\"856\"><strong  data-start=\"777\" data-end=\"856\">Need the perfect gelatin for your industry? Contact us today to learn more!<\/strong><\/p>\n\n<h2  data-start=\"909\" data-end=\"966\" class=\"\"><strong  data-start=\"914\" data-end=\"964\">S\u1ef1 \u0110a D\u1ea1ng Gelatin T\u1ea1i C\u00f4ng Ty Ch\u1ebf bi\u1ebfn EcoGel<\/strong><\/h2>\n<p  class=\"\" data-start=\"968\" data-end=\"1274\">T\u1ea1i <strong  data-start=\"972\" data-end=\"999\">C\u00f4ng ty Ch\u1ebf bi\u1ebfn EcoGel<\/strong>, ch\u00fang t\u00f4i t\u1ef1 h\u00e0o cung c\u1ea5p m\u1ed9t <strong  data-start=\"1031\" data-end=\"1068\">s\u1ef1 \u0111a d\u1ea1ng gelatin ch\u1ea5t l\u01b0\u1ee3ng cao<\/strong> \u0111\u1ec3 ph\u1ee5c v\u1ee5 nhu c\u1ea7u \u0111a d\u1ea1ng c\u1ee7a kh\u00e1ch h\u00e0ng. Ch\u00fang t\u00f4i cung c\u1ea5p <strong  data-start=\"1131\" data-end=\"1151\">gelatin x\u01b0\u01a1ng b\u00f2<\/strong>, <strong  data-start=\"1153\" data-end=\"1170\">gelatin da b\u00f2<\/strong>, v\u00e0 <strong  data-start=\"1175\" data-end=\"1189\">gelatin c\u00e1<\/strong> cho nhi\u1ec1u ng\u00e0nh c\u00f4ng nghi\u1ec7p, bao g\u1ed3m <strong  data-start=\"1227\" data-end=\"1271\">ng\u00e0nh th\u1ef1c ph\u1ea9m, d\u01b0\u1ee3c ph\u1ea9m v\u00e0 dinh d\u01b0\u1ee1ng<\/strong>.<\/p>\n<p  class=\"\" data-start=\"1276\" data-end=\"1437\">D\u00f9 b\u1ea1n c\u1ea7n gelatin cho c\u00e1c s\u1ea3n ph\u1ea9m th\u1ef1c ph\u1ea9m hay \u1ee9ng d\u1ee5ng d\u01b0\u1ee3c ph\u1ea9m, <strong  data-start=\"1346\" data-end=\"1377\">gi\u1ea3i ph\u00e1p gelatin linh ho\u1ea1t<\/strong> c\u1ee7a ch\u00fang t\u00f4i \u0111\u00e1p \u1ee9ng c\u00e1c y\u00eau c\u1ea7u \u0111\u1eb7c th\u00f9 c\u1ee7a t\u1eebng ng\u00e0nh.<\/p>\n<p  class=\"\" data-start=\"1439\" data-end=\"1604\">Gelatin c\u1ee7a ch\u00fang t\u00f4i \u0111\u01b0\u1ee3c <strong  data-start=\"1466\" data-end=\"1512\">ngu\u1ed3n cung c\u1ea5p t\u1eeb c\u00e1c \u0111\u1ed1i t\u00e1c \u0111\u00e1ng tin c\u1eady<\/strong> v\u00e0 s\u1ea3n xu\u1ea5t d\u01b0\u1edbi <strong  data-start=\"1530\" data-end=\"1566\">ki\u1ec3m so\u00e1t ch\u1ea5t l\u01b0\u1ee3ng nghi\u00eam ng\u1eb7t<\/strong> \u0111\u1ec3 \u0111\u1ea3m b\u1ea3o c\u00e1c ti\u00eau chu\u1ea9n cao nh\u1ea5t.<\/p>\n<p  class=\"\" data-start=\"1606\" data-end=\"1707\"><strong  data-start=\"1606\" data-end=\"1707\">C\u1ea7n gelatin ho\u00e0n h\u1ea3o cho ng\u00e0nh c\u1ee7a b\u1ea1n? Li\u00ean h\u1ec7 v\u1edbi ch\u00fang t\u00f4i ngay h\u00f4m nay \u0111\u1ec3 bi\u1ebft th\u00eam chi ti\u1ebft!<\/strong><\/p>\n<p  class=\"\" data-start=\"521\" data-end=\"597\"><strong  data-start=\"521\" data-end=\"595\">&nbsp;<\/strong><\/p>\n\n<\/div>\n<\/div>\n<div  class=\"row spaced-cols\" data-type=\"row\">\n<div  class=\"col-xs-6\" data-type=\"column\"><\/div>\n<\/div>\n<\/div>\n<div  class=\"col-sm-5 bg-image shadow-large-black revert-classes-holder\" style=\"background-image: url('https:\/\/ecogel.vn\/wp-content\/uploads\/2024\/02\/cropped-woman-hand-holding-glass-bowl-flour-marble-scaled-1.jpg');\" data-bg=\"image\"><\/div>\n<\/div>\n<\/div><div  id=\"content-15\" class=\"content-8 content-section content-section-spacing\" style=\"background-color: #f5fafd;\" data-label=\"Content\" data-id=\"content--1\" data-export-id=\"content-8\" data-category=\"content\">\n<div  class=\"gridContainer\">\n<div  class=\"row middle-sm\">\n<div  class=\"col-sm-6 space-bottom-xs space-top-xs\" data-type=\"column\"><img  decoding=\"async\" class=\"shadow-large\" title=\"top-view-bowl-with-sand-spoon\" src=\"https:\/\/ecogel.vn\/wp-content\/uploads\/2024\/02\/cropped-top-view-bowl-with-sand-spoon-scaled-1.jpg\" alt=\"\"><\/div>\n<div  class=\"col-sm-6\" data-type=\"column\">\n<h2  data-start=\"112\" data-end=\"174\" class=\"\"><strong  data-start=\"117\" data-end=\"172\">Solution-Oriented Gelatin Sourcing with Expert Team<\/strong><\/h2>\n<p  class=\"\" data-start=\"176\" data-end=\"478\">At <strong  data-start=\"179\" data-end=\"200\">EcoGel Processing<\/strong>, our <strong  data-start=\"206\" data-end=\"226\">experienced team<\/strong> is dedicated to providing the <strong  data-start=\"257\" data-end=\"283\">best gelatin solutions<\/strong> for your business. By sharing the specific details of the <strong  data-start=\"342\" data-end=\"353\">gelatin<\/strong> you require, we ensure that you receive the <strong  data-start=\"398\" data-end=\"417\">highest quality<\/strong>, <strong  data-start=\"419\" data-end=\"436\">most accurate<\/strong>, and <strong  data-start=\"442\" data-end=\"465\">best-priced product<\/strong> available.<\/p>\n<p  class=\"\" data-start=\"480\" data-end=\"649\">We leverage our industry knowledge and expertise to deliver <strong  data-start=\"540\" data-end=\"563\">the perfect gelatin<\/strong> to suit your needs, always focusing on the <strong  data-start=\"607\" data-end=\"629\">best fit and value<\/strong> for your company.<\/p>\n<p  class=\"\" data-start=\"651\" data-end=\"732\"><strong  data-start=\"651\" data-end=\"732\">Looking for a reliable and cost-effective gelatin solution? Contact us today!<\/strong><\/p>\n\n<h2  data-start=\"785\" data-end=\"859\" class=\"\"><strong  data-start=\"790\" data-end=\"857\">Gi\u1ea3i Ph\u00e1p Gelatin T\u1eadp Trung V\u00e0o Nhu C\u1ea7u V\u1edbi \u0110\u1ed9i Ng\u0169 Kinh Nghi\u1ec7m<\/strong><\/h2>\n<p  class=\"\" data-start=\"861\" data-end=\"1187\">T\u1ea1i <strong  data-start=\"865\" data-end=\"892\">C\u00f4ng ty Ch\u1ebf bi\u1ebfn EcoGel<\/strong>, \u0111\u1ed9i ng\u0169 <strong  data-start=\"902\" data-end=\"933\">chuy\u00ean gia gi\u00e0u kinh nghi\u1ec7m<\/strong> c\u1ee7a ch\u00fang t\u00f4i cam k\u1ebft cung c\u1ea5p <strong  data-start=\"965\" data-end=\"995\">gi\u1ea3i ph\u00e1p gelatin t\u1ed1t nh\u1ea5t<\/strong> cho doanh nghi\u1ec7p c\u1ee7a b\u1ea1n. B\u1eb1ng c\u00e1ch chia s\u1ebb chi ti\u1ebft c\u1ee5 th\u1ec3 v\u1ec1 <strong  data-start=\"1059\" data-end=\"1070\">gelatin<\/strong> b\u1ea1n c\u1ea7n, ch\u00fang t\u00f4i \u0111\u1ea3m b\u1ea3o cung c\u1ea5p s\u1ea3n ph\u1ea9m <strong  data-start=\"1116\" data-end=\"1139\">ch\u1ea5t l\u01b0\u1ee3ng cao nh\u1ea5t<\/strong>, <strong  data-start=\"1141\" data-end=\"1157\">\u0111\u00fang y\u00eau c\u1ea7u<\/strong>, v\u00e0 <strong  data-start=\"1162\" data-end=\"1184\">gi\u00e1 c\u1ea3 h\u1ee3p l\u00fd nh\u1ea5t<\/strong>.<\/p>\n<p  class=\"\" data-start=\"1189\" data-end=\"1384\">Ch\u00fang t\u00f4i t\u1eadn d\u1ee5ng ki\u1ebfn th\u1ee9c v\u00e0 chuy\u00ean m\u00f4n trong ng\u00e0nh \u0111\u1ec3 mang \u0111\u1ebfn <strong  data-start=\"1256\" data-end=\"1280\">gelatin ph\u00f9 h\u1ee3p nh\u1ea5t<\/strong> v\u1edbi nhu c\u1ea7u c\u1ee7a b\u1ea1n, lu\u00f4n t\u1eadp trung v\u00e0o <strong  data-start=\"1321\" data-end=\"1361\">gi\u1ea3i ph\u00e1p t\u1ed1i \u01b0u v\u00e0 gi\u00e1 tr\u1ecb t\u1ed1t nh\u1ea5t<\/strong> cho c\u00f4ng ty c\u1ee7a b\u1ea1n.<\/p>\n<p  class=\"\" data-start=\"1386\" data-end=\"1482\"><strong  data-start=\"1386\" data-end=\"1482\">C\u1ea7n gi\u1ea3i ph\u00e1p gelatin \u0111\u00e1ng tin c\u1eady v\u00e0 ti\u1ebft ki\u1ec7m chi ph\u00ed? Li\u00ean h\u1ec7 v\u1edbi ch\u00fang t\u00f4i ngay h\u00f4m nay!<\/strong><\/p>\n<p  class=\"\" data-start=\"651\" data-end=\"732\"><\/p>\n\n<\/div>\n<\/div>\n<\/div>\n<\/div><div  id=\"content-16\" class=\"content-7 content-section content-section-spacing\" style=\"background-color: #ffffff;\" data-label=\"Content\" data-id=\"content--2\" data-export-id=\"content-7\" data-category=\"content\">\n<div  class=\"gridContainer\">\n<div  class=\"row middle-sm\">\n<div  class=\"col-sm-6 space-bottom-xs\" data-type=\"column\">\n<h2  data-start=\"112\" data-end=\"159\" class=\"\"><strong  data-start=\"117\" data-end=\"157\">Grow Together with EcoGel Processing<\/strong><\/h2>\n<p  class=\"\" data-start=\"161\" data-end=\"395\">If you are a <strong  data-start=\"174\" data-end=\"206\">local distributor in Vietnam<\/strong>, we would be honored to partner with you. We provide <strong  data-start=\"260\" data-end=\"333\">high-quality products sourced from trusted suppliers around the world<\/strong>, ensuring you receive only the best gelatin for your needs.<\/p>\n<p  class=\"\" data-start=\"397\" data-end=\"570\">By working together, we can grow and succeed as a team, providing your customers with the finest gelatin solutions. Remember, there\u2019s a unique joy in <strong  data-start=\"547\" data-end=\"567\">winning together<\/strong>.<\/p>\n<p  class=\"\" data-start=\"572\" data-end=\"654\"><strong  data-start=\"572\" data-end=\"654\">Ready to grow together? Contact us today to explore partnership opportunities!<\/strong><\/p>\n\n<h2  data-start=\"707\" data-end=\"761\" class=\"\"><strong  data-start=\"712\" data-end=\"759\">C\u00f9ng Ph\u00e1t Tri\u1ec3n V\u1edbi C\u00f4ng Ty Ch\u1ebf Bi\u1ebfn EcoGel<\/strong><\/h2>\n<p  class=\"\" data-start=\"763\" data-end=\"1018\">N\u1ebfu b\u1ea1n l\u00e0 <strong  data-start=\"774\" data-end=\"815\">nh\u00e0 ph\u00e2n ph\u1ed1i \u0111\u1ecba ph\u01b0\u01a1ng t\u1ea1i Vi\u1ec7t Nam<\/strong>, ch\u00fang t\u00f4i r\u1ea5t vinh d\u1ef1 \u0111\u01b0\u1ee3c h\u1ee3p t\u00e1c v\u1edbi b\u1ea1n. Ch\u00fang t\u00f4i cung c\u1ea5p <strong  data-start=\"880\" data-end=\"954\">s\u1ea3n ph\u1ea9m ch\u1ea5t l\u01b0\u1ee3ng cao t\u1eeb c\u00e1c nh\u00e0 cung c\u1ea5p \u0111\u00e1ng tin c\u1eady tr\u00ean to\u00e0n c\u1ea7u<\/strong>, \u0111\u1ea3m b\u1ea3o b\u1ea1n nh\u1eadn \u0111\u01b0\u1ee3c gelatin t\u1ed1t nh\u1ea5t cho nhu c\u1ea7u c\u1ee7a m\u00ecnh.<\/p>\n<p  class=\"\" data-start=\"1020\" data-end=\"1229\">B\u1eb1ng c\u00e1ch h\u1ee3p t\u00e1c c\u00f9ng nhau, ch\u00fang ta c\u00f3 th\u1ec3 <strong  data-start=\"1065\" data-end=\"1103\">ph\u00e1t tri\u1ec3n v\u00e0 th\u00e0nh c\u00f4ng c\u00f9ng nhau<\/strong>, mang \u0111\u1ebfn cho kh\u00e1ch h\u00e0ng nh\u1eefng gi\u1ea3i ph\u00e1p gelatin xu\u1ea5t s\u1eafc. H\u00e3y nh\u1edb, <strong  data-start=\"1172\" data-end=\"1195\">th\u1eafng l\u1ee3i c\u00f9ng nhau<\/strong> mang \u0111\u1ebfn m\u1ed9t ni\u1ec1m vui \u0111\u1eb7c bi\u1ec7t.<\/p>\n<p  class=\"\" data-start=\"1231\" data-end=\"1328\"><strong  data-start=\"1231\" data-end=\"1328\">S\u1eb5n s\u00e0ng ph\u00e1t tri\u1ec3n c\u00f9ng nhau? Li\u00ean h\u1ec7 v\u1edbi ch\u00fang t\u00f4i ngay h\u00f4m nay \u0111\u1ec3 kh\u00e1m ph\u00e1 c\u01a1 h\u1ed9i h\u1ee3p t\u00e1c!<\/strong><\/p>\n\n<\/div>\n<div  class=\"col-sm-6\" data-type=\"column\"><img  decoding=\"async\" class=\"shadow-large\" title=\"cropped-csm_gelatin-powder_AdobeStock_273390933_37e584a091.jpeg\" src=\"https:\/\/ecogel.vn\/wp-content\/uploads\/2024\/02\/cropped-csm_gelatin-powder_AdobeStock_273390933_37e584a091.jpeg\" alt=\"\"><\/div>\n<\/div>\n<\/div>\n<\/div>","protected":false},"excerpt":{"rendered":"<p>Why Choose EcoGel Processing? At EcoGel Processing, we pride ourselves on being Vietnam\u2019s leading gelatin distributor, offering unmatched quality and competitive pricing. As the best gelatin distributor in Vietnam, we provide you with high-quality gelatin at the best prices in the market. Since 2019, we\u2019ve been working with trusted suppliers around the world, ensuring you&hellip; <br \/> <a class=\"read-more\" href=\"https:\/\/ecogel.vn\/\">Devam\u0131<\/a><\/p>\n","protected":false},"author":1,"featured_media":0,"parent":0,"menu_order":1,"comment_status":"closed","ping_status":"closed","template":"page-templates\/homepage.php","meta":{"footnotes":""},"class_list":["post-7","page","type-page","status-publish","hentry"],"_links":{"self":[{"href":"https:\/\/ecogel.vn\/index.php\/wp-json\/wp\/v2\/pages\/7","targetHints":{"allow":["GET"]}}],"collection":[{"href":"https:\/\/ecogel.vn\/index.php\/wp-json\/wp\/v2\/pages"}],"about":[{"href":"https:\/\/ecogel.vn\/index.php\/wp-json\/wp\/v2\/types\/page"}],"author":[{"embeddable":true,"href":"https:\/\/ecogel.vn\/index.php\/wp-json\/wp\/v2\/users\/1"}],"replies":[{"embeddable":true,"href":"https:\/\/ecogel.vn\/index.php\/wp-json\/wp\/v2\/comments?post=7"}],"version-history":[{"count":18,"href":"https:\/\/ecogel.vn\/index.php\/wp-json\/wp\/v2\/pages\/7\/revisions"}],"predecessor-version":[{"id":314,"href":"https:\/\/ecogel.vn\/index.php\/wp-json\/wp\/v2\/pages\/7\/revisions\/314"}],"wp:attachment":[{"href":"https:\/\/ecogel.vn\/index.php\/wp-json\/wp\/v2\/media?parent=7"}],"curies":[{"name":"wp","href":"https:\/\/api.w.org\/{rel}","templated":true}]}}